{"id":16,"date":"2023-04-14T09:20:50","date_gmt":"2023-04-14T09:20:50","guid":{"rendered":"http:\/\/www.patriciacalvodeluis.com\/?page_id=16"},"modified":"2024-02-01T16:32:28","modified_gmt":"2024-02-01T16:32:28","slug":"sobre-mi","status":"publish","type":"page","link":"https:\/\/www.patriciacalvodeluis.com\/index.php\/sobre-mi\/","title":{"rendered":"Sobre m\u00ed"},"content":{"rendered":"\n<div class=\"wp-block-cover alignfull\" style=\"min-height:162px;aspect-ratio:unset;\"><span aria-hidden=\"true\" class=\"wp-block-cover__background has-nv-site-bg-background-color has-background-dim-100 has-background-dim\"><\/span><div class=\"wp-block-cover__inner-container is-layout-flow wp-block-cover-is-layout-flow\">\n<div class=\"wp-block-group\"><div class=\"wp-block-group__inner-container is-layout-flow wp-block-group-is-layout-flow\">\n<h1 class=\"wp-block-heading has-text-align-left has-neve-text-color-color has-text-color\"><\/h1>\n<\/div><\/div>\n<\/div><\/div>\n\n\n\n<div class=\"wp-block-cover alignfull\" style=\"min-height:600px;aspect-ratio:unset;\"><span aria-hidden=\"true\" class=\"wp-block-cover__background has-nv-light-bg-background-color has-background-dim-100 has-background-dim\"><\/span><div class=\"wp-block-cover__inner-container is-layout-flow wp-block-cover-is-layout-flow\">\n<div class=\"wp-block-group\"><div class=\"wp-block-group__inner-container is-layout-flow wp-block-group-is-layout-flow\">\n<div style=\"height:37px\" aria-hidden=\"true\" class=\"wp-block-spacer\"><\/div>\n\n\n\n<div class=\"wp-block-columns are-vertically-aligned-center is-layout-flex wp-container-core-columns-is-layout-9d6595d7 wp-block-columns-is-layout-flex\">\n<div class=\"wp-block-column is-vertically-aligned-center is-layout-flow wp-block-column-is-layout-flow\" style=\"flex-basis:50%\">\n<figure class=\"wp-block-image size-large\"><img decoding=\"async\" width=\"820\" height=\"1024\" src=\"http:\/\/www.patriciacalvodeluis.com\/wp-content\/uploads\/2023\/04\/pcalvodeluis-820x1024.jpg\" alt=\"\" class=\"wp-image-171\" srcset=\"https:\/\/www.patriciacalvodeluis.com\/wp-content\/uploads\/2023\/04\/pcalvodeluis-820x1024.jpg 820w, https:\/\/www.patriciacalvodeluis.com\/wp-content\/uploads\/2023\/04\/pcalvodeluis-240x300.jpg 240w, https:\/\/www.patriciacalvodeluis.com\/wp-content\/uploads\/2023\/04\/pcalvodeluis-768x959.jpg 768w, https:\/\/www.patriciacalvodeluis.com\/wp-content\/uploads\/2023\/04\/pcalvodeluis-1230x1536.jpg 1230w, https:\/\/www.patriciacalvodeluis.com\/wp-content\/uploads\/2023\/04\/pcalvodeluis.jpg 1537w\" sizes=\"(max-width: 820px) 100vw, 820px\" \/><\/figure>\n<\/div>\n\n\n\n<div class=\"wp-block-column is-vertically-aligned-center is-layout-flow wp-block-column-is-layout-flow\" style=\"flex-basis:50%\">\n<h2 class=\"wp-block-heading has-neve-text-color-color has-text-color\"><\/h2>\n\n\n\n<p class=\"has-neve-text-color-color has-text-color has-medium-font-size\"><\/p>\n\n\n\n<p class=\"has-neve-text-color-color has-text-color\">Licenciada en Publicidad y Relaciones P\u00fablicas, con m\u00e1ster en Fotograf\u00eda, comenc\u00e9 mi andadura profesional en diferentes estudios de fotograf\u00eda y agencias de publicidad de Madrid. Actualmente ejerzo como directora de arte freelance, actividad que compagino con la pintura.<\/p>\n\n\n\n<p class=\"has-neve-text-color-color has-text-color\">En mi obra encontrar\u00e1s gran influencia de esta formaci\u00f3n, con im\u00e1genes casi cinematogr\u00e1ficas en las que predominan los fuertes contrastes de luz y la presencia en muchas ocasiones de r\u00f3tulos y carteles publicitarios.<\/p>\n\n\n\n<p class=\"has-neve-text-color-color has-text-color\">De personalidad inquieta, siempre estoy dispuesta a aprender algo nuevo. Creo en el arte de contar bien una historia y en los peque\u00f1os detalles que son los que marcan la diferencia y nos hacen grandes.<\/p>\n\n\n\n<p class=\"has-neve-text-color-color has-text-color\">Espero que disfrutes de tu paseo a trav\u00e9s de esta p\u00e1gina.<\/p>\n\n\n\n<p class=\"has-neve-text-color-color has-text-color\">Si tienes cualquier pregunta o simplemente quieres saludar, no dudes en escribirme. <\/p>\n\n\n\n<p class=\"has-neve-text-color-color has-text-color\">Tambi\u00e9n puedes seguirme en <a href=\"https:\/\/www.instagram.com\/pcalvodeluis.art\/\"> Instagram.<\/a><\/p>\n\n\n\n<p><\/p>\n\n\n\n<p class=\"has-neve-text-color-color has-text-color has-medium-font-size\"> <\/p>\n\n\n\n<p class=\"has-neve-text-color-color has-text-color\"><\/p>\n<\/div>\n<\/div>\n\n\n\n<div style=\"height:40px\" aria-hidden=\"true\" class=\"wp-block-spacer\"><\/div>\n<\/div><\/div>\n<\/div><\/div>\n","protected":false},"excerpt":{"rendered":"","protected":false},"author":1,"featured_media":0,"parent":0,"menu_order":0,"comment_status":"closed","ping_status":"closed","template":"","meta":{"om_disable_all_campaigns":false,"_monsterinsights_skip_tracking":false,"_monsterinsights_sitenote_active":false,"_monsterinsights_sitenote_note":"","_monsterinsights_sitenote_category":0,"_uf_show_specific_survey":0,"_uf_disable_surveys":false,"neve_meta_sidebar":"","neve_meta_container":"","neve_meta_enable_content_width":"on","neve_meta_content_width":100,"neve_meta_title_alignment":"","neve_meta_author_avatar":"","neve_post_elements_order":"","neve_meta_disable_header":"","neve_meta_disable_footer":"","neve_meta_disable_title":"on","footnotes":""},"class_list":["post-16","page","type-page","status-publish","hentry"],"aioseo_notices":[],"yoast_head":"<!-- This site is optimized with the Yoast SEO plugin v24.5 - https:\/\/yoast.com\/wordpress\/plugins\/seo\/ -->\n<title>Sobre m\u00ed - Patricia Calvo de Luis<\/title>\n<meta name=\"robots\" content=\"index, follow, max-snippet:-1, max-image-preview:large, max-video-preview:-1\" \/>\n<link rel=\"canonical\" href=\"https:\/\/www.patriciacalvodeluis.com\/index.php\/sobre-mi\/\" \/>\n<meta property=\"og:locale\" content=\"es_ES\" \/>\n<meta property=\"og:type\" content=\"article\" \/>\n<meta property=\"og:title\" content=\"Sobre m\u00ed - Patricia Calvo de Luis\" \/>\n<meta property=\"og:url\" content=\"https:\/\/www.patriciacalvodeluis.com\/index.php\/sobre-mi\/\" \/>\n<meta property=\"og:site_name\" content=\"Patricia Calvo de Luis\" \/>\n<meta property=\"article:modified_time\" content=\"2024-02-01T16:32:28+00:00\" \/>\n<meta property=\"og:image\" content=\"http:\/\/www.patriciacalvodeluis.com\/wp-content\/uploads\/2023\/04\/pcalvodeluis-820x1024.jpg\" \/>\n<meta name=\"twitter:card\" content=\"summary_large_image\" \/>\n<meta name=\"twitter:label1\" content=\"Tiempo de lectura\" \/>\n\t<meta name=\"twitter:data1\" content=\"1 minuto\" \/>\n<script type=\"application\/ld+json\" class=\"yoast-schema-graph\">{\"@context\":\"https:\/\/schema.org\",\"@graph\":[{\"@type\":\"WebPage\",\"@id\":\"https:\/\/www.patriciacalvodeluis.com\/index.php\/sobre-mi\/\",\"url\":\"https:\/\/www.patriciacalvodeluis.com\/index.php\/sobre-mi\/\",\"name\":\"Sobre m\u00ed - Patricia Calvo de Luis\",\"isPartOf\":{\"@id\":\"https:\/\/www.patriciacalvodeluis.com\/#website\"},\"primaryImageOfPage\":{\"@id\":\"https:\/\/www.patriciacalvodeluis.com\/index.php\/sobre-mi\/#primaryimage\"},\"image\":{\"@id\":\"https:\/\/www.patriciacalvodeluis.com\/index.php\/sobre-mi\/#primaryimage\"},\"thumbnailUrl\":\"http:\/\/www.patriciacalvodeluis.com\/wp-content\/uploads\/2023\/04\/pcalvodeluis-820x1024.jpg\",\"datePublished\":\"2023-04-14T09:20:50+00:00\",\"dateModified\":\"2024-02-01T16:32:28+00:00\",\"breadcrumb\":{\"@id\":\"https:\/\/www.patriciacalvodeluis.com\/index.php\/sobre-mi\/#breadcrumb\"},\"inLanguage\":\"es\",\"potentialAction\":[{\"@type\":\"ReadAction\",\"target\":[\"https:\/\/www.patriciacalvodeluis.com\/index.php\/sobre-mi\/\"]}]},{\"@type\":\"ImageObject\",\"inLanguage\":\"es\",\"@id\":\"https:\/\/www.patriciacalvodeluis.com\/index.php\/sobre-mi\/#primaryimage\",\"url\":\"https:\/\/www.patriciacalvodeluis.com\/wp-content\/uploads\/2023\/04\/pcalvodeluis.jpg\",\"contentUrl\":\"https:\/\/www.patriciacalvodeluis.com\/wp-content\/uploads\/2023\/04\/pcalvodeluis.jpg\",\"width\":1537,\"height\":1920},{\"@type\":\"BreadcrumbList\",\"@id\":\"https:\/\/www.patriciacalvodeluis.com\/index.php\/sobre-mi\/#breadcrumb\",\"itemListElement\":[{\"@type\":\"ListItem\",\"position\":1,\"name\":\"Portada\",\"item\":\"https:\/\/www.patriciacalvodeluis.com\/\"},{\"@type\":\"ListItem\",\"position\":2,\"name\":\"Sobre m\u00ed\"}]},{\"@type\":\"WebSite\",\"@id\":\"https:\/\/www.patriciacalvodeluis.com\/#website\",\"url\":\"https:\/\/www.patriciacalvodeluis.com\/\",\"name\":\"Patricia Calvo de Luis\",\"description\":\"\",\"publisher\":{\"@id\":\"https:\/\/www.patriciacalvodeluis.com\/#organization\"},\"potentialAction\":[{\"@type\":\"SearchAction\",\"target\":{\"@type\":\"EntryPoint\",\"urlTemplate\":\"https:\/\/www.patriciacalvodeluis.com\/?s={search_term_string}\"},\"query-input\":{\"@type\":\"PropertyValueSpecification\",\"valueRequired\":true,\"valueName\":\"search_term_string\"}}],\"inLanguage\":\"es\"},{\"@type\":\"Organization\",\"@id\":\"https:\/\/www.patriciacalvodeluis.com\/#organization\",\"name\":\"Patricia Calvo de Luis\",\"url\":\"https:\/\/www.patriciacalvodeluis.com\/\",\"logo\":{\"@type\":\"ImageObject\",\"inLanguage\":\"es\",\"@id\":\"https:\/\/www.patriciacalvodeluis.com\/#\/schema\/logo\/image\/\",\"url\":\"\",\"contentUrl\":\"\",\"caption\":\"Patricia Calvo de Luis\"},\"image\":{\"@id\":\"https:\/\/www.patriciacalvodeluis.com\/#\/schema\/logo\/image\/\"}}]}<\/script>\n<!-- \/ Yoast SEO plugin. -->","yoast_head_json":{"title":"Sobre m\u00ed - Patricia Calvo de Luis","robots":{"index":"index","follow":"follow","max-snippet":"max-snippet:-1","max-image-preview":"max-image-preview:large","max-video-preview":"max-video-preview:-1"},"canonical":"https:\/\/www.patriciacalvodeluis.com\/index.php\/sobre-mi\/","og_locale":"es_ES","og_type":"article","og_title":"Sobre m\u00ed - Patricia Calvo de Luis","og_url":"https:\/\/www.patriciacalvodeluis.com\/index.php\/sobre-mi\/","og_site_name":"Patricia Calvo de Luis","article_modified_time":"2024-02-01T16:32:28+00:00","og_image":[{"url":"http:\/\/www.patriciacalvodeluis.com\/wp-content\/uploads\/2023\/04\/pcalvodeluis-820x1024.jpg","type":"","width":"","height":""}],"twitter_card":"summary_large_image","twitter_misc":{"Tiempo de lectura":"1 minuto"},"schema":{"@context":"https:\/\/schema.org","@graph":[{"@type":"WebPage","@id":"https:\/\/www.patriciacalvodeluis.com\/index.php\/sobre-mi\/","url":"https:\/\/www.patriciacalvodeluis.com\/index.php\/sobre-mi\/","name":"Sobre m\u00ed - Patricia Calvo de Luis","isPartOf":{"@id":"https:\/\/www.patriciacalvodeluis.com\/#website"},"primaryImageOfPage":{"@id":"https:\/\/www.patriciacalvodeluis.com\/index.php\/sobre-mi\/#primaryimage"},"image":{"@id":"https:\/\/www.patriciacalvodeluis.com\/index.php\/sobre-mi\/#primaryimage"},"thumbnailUrl":"http:\/\/www.patriciacalvodeluis.com\/wp-content\/uploads\/2023\/04\/pcalvodeluis-820x1024.jpg","datePublished":"2023-04-14T09:20:50+00:00","dateModified":"2024-02-01T16:32:28+00:00","breadcrumb":{"@id":"https:\/\/www.patriciacalvodeluis.com\/index.php\/sobre-mi\/#breadcrumb"},"inLanguage":"es","potentialAction":[{"@type":"ReadAction","target":["https:\/\/www.patriciacalvodeluis.com\/index.php\/sobre-mi\/"]}]},{"@type":"ImageObject","inLanguage":"es","@id":"https:\/\/www.patriciacalvodeluis.com\/index.php\/sobre-mi\/#primaryimage","url":"https:\/\/www.patriciacalvodeluis.com\/wp-content\/uploads\/2023\/04\/pcalvodeluis.jpg","contentUrl":"https:\/\/www.patriciacalvodeluis.com\/wp-content\/uploads\/2023\/04\/pcalvodeluis.jpg","width":1537,"height":1920},{"@type":"BreadcrumbList","@id":"https:\/\/www.patriciacalvodeluis.com\/index.php\/sobre-mi\/#breadcrumb","itemListElement":[{"@type":"ListItem","position":1,"name":"Portada","item":"https:\/\/www.patriciacalvodeluis.com\/"},{"@type":"ListItem","position":2,"name":"Sobre m\u00ed"}]},{"@type":"WebSite","@id":"https:\/\/www.patriciacalvodeluis.com\/#website","url":"https:\/\/www.patriciacalvodeluis.com\/","name":"Patricia Calvo de Luis","description":"","publisher":{"@id":"https:\/\/www.patriciacalvodeluis.com\/#organization"},"potentialAction":[{"@type":"SearchAction","target":{"@type":"EntryPoint","urlTemplate":"https:\/\/www.patriciacalvodeluis.com\/?s={search_term_string}"},"query-input":{"@type":"PropertyValueSpecification","valueRequired":true,"valueName":"search_term_string"}}],"inLanguage":"es"},{"@type":"Organization","@id":"https:\/\/www.patriciacalvodeluis.com\/#organization","name":"Patricia Calvo de Luis","url":"https:\/\/www.patriciacalvodeluis.com\/","logo":{"@type":"ImageObject","inLanguage":"es","@id":"https:\/\/www.patriciacalvodeluis.com\/#\/schema\/logo\/image\/","url":"","contentUrl":"","caption":"Patricia Calvo de Luis"},"image":{"@id":"https:\/\/www.patriciacalvodeluis.com\/#\/schema\/logo\/image\/"}}]}},"_links":{"self":[{"href":"https:\/\/www.patriciacalvodeluis.com\/index.php\/wp-json\/wp\/v2\/pages\/16","targetHints":{"allow":["GET"]}}],"collection":[{"href":"https:\/\/www.patriciacalvodeluis.com\/index.php\/wp-json\/wp\/v2\/pages"}],"about":[{"href":"https:\/\/www.patriciacalvodeluis.com\/index.php\/wp-json\/wp\/v2\/types\/page"}],"author":[{"embeddable":true,"href":"https:\/\/www.patriciacalvodeluis.com\/index.php\/wp-json\/wp\/v2\/users\/1"}],"replies":[{"embeddable":true,"href":"https:\/\/www.patriciacalvodeluis.com\/index.php\/wp-json\/wp\/v2\/comments?post=16"}],"version-history":[{"count":24,"href":"https:\/\/www.patriciacalvodeluis.com\/index.php\/wp-json\/wp\/v2\/pages\/16\/revisions"}],"predecessor-version":[{"id":732,"href":"https:\/\/www.patriciacalvodeluis.com\/index.php\/wp-json\/wp\/v2\/pages\/16\/revisions\/732"}],"wp:attachment":[{"href":"https:\/\/www.patriciacalvodeluis.com\/index.php\/wp-json\/wp\/v2\/media?parent=16"}],"curies":[{"name":"wp","href":"https:\/\/api.w.org\/{rel}","templated":true}]}}